
{"id":4448,"date":"2025-09-04T09:34:06","date_gmt":"2025-09-04T07:34:06","guid":{"rendered":"https:\/\/sculptureby.dk\/en\/sculpture-stories-2\/"},"modified":"2025-10-20T15:31:53","modified_gmt":"2025-10-20T13:31:53","slug":"sculpture-stories","status":"publish","type":"page","link":"https:\/\/sculptureby.dk\/en\/sculpture-stories\/","title":{"rendered":"Sculpture Stories"},"content":{"rendered":"\t\t<div data-elementor-type=\"wp-page\" data-elementor-id=\"4448\" class=\"elementor elementor-4448\" data-elementor-post-type=\"page\">\n\t\t\t\t<section class=\"elementor-element elementor-element-250e3b9 e-con-full e-flex e-con e-parent\" data-id=\"250e3b9\" data-element_type=\"container\">\n\t\t<div class=\"elementor-element elementor-element-5048a61 e-flex e-con-boxed e-con e-child\" data-id=\"5048a61\" data-element_type=\"container\">\n\t\t\t\t\t<div class=\"e-con-inner\">\n\t\t<div class=\"elementor-element elementor-element-27777e4 e-con-full e-flex e-con e-child\" data-id=\"27777e4\" data-element_type=\"container\">\n\t\t\t\t<div class=\"elementor-element elementor-element-f712325 elementor-widget elementor-widget-heading\" data-id=\"f712325\" data-element_type=\"widget\" data-widget_type=\"heading.default\">\n\t\t\t\t<div class=\"elementor-widget-container\">\n\t\t\t\t\t<h1 class=\"elementor-heading-title elementor-size-default\">Sculpture Stories<\/h1>\t\t\t\t<\/div>\n\t\t\t\t<\/div>\n\t\t\t\t<div class=\"elementor-element elementor-element-b5f318c elementor-widget elementor-widget-text-editor\" data-id=\"b5f318c\" data-element_type=\"widget\" data-widget_type=\"text-editor.default\">\n\t\t\t\t<div class=\"elementor-widget-container\">\n\t\t\t\t\t\t\t\t\t<p>Her deler vores klienter deres personlige fortu00e6llinger om deres rejse med plastikkirurgi. Fra de fu00f8rste overvejelser til livet efter behandlingen. Det er u00e6rlige historier om forventninger, forlu00f8b og forandringer bu00e5de udenpu00e5 og indeni.<\/p>\t\t\t\t\t\t\t\t<\/div>\n\t\t\t\t<\/div>\n\t\t\t\t<\/div>\n\t\t\t\t\t<\/div>\n\t\t\t\t<\/div>\n\t\t\t\t<\/section>\n\t\t<div class=\"elementor-element elementor-element-77d8d8d e-con-full e-flex e-con e-parent\" data-id=\"77d8d8d\" data-element_type=\"container\">\n\t\t<div class=\"elementor-element elementor-element-c9dade5 e-flex e-con-boxed e-con e-child\" data-id=\"c9dade5\" data-element_type=\"container\">\n\t\t\t\t\t<div class=\"e-con-inner\">\n\t\t<div class=\"elementor-element elementor-element-d68a4ed e-con-full e-flex e-con e-child\" data-id=\"d68a4ed\" data-element_type=\"container\">\n\t\t\t\t<div class=\"elementor-element elementor-element-9e4d890 elementor-widget elementor-widget-image\" data-id=\"9e4d890\" data-element_type=\"widget\" data-widget_type=\"image.default\">\n\t\t\t\t<div class=\"elementor-widget-container\">\n\t\t\t\t\t\t\t\t\t\t\t\t\t\t\t<img fetchpriority=\"high\" decoding=\"async\" width=\"2048\" height=\"1554\" src=\"https:\/\/sculptureby.dk\/en\/wp-content\/uploads\/sites\/3\/2025\/08\/charlotte-birkow-18.06-1-scaled.jpg\" class=\"attachment-full size-full wp-image-2458\" alt=\"\" srcset=\"https:\/\/sculptureby.dk\/en\/wp-content\/uploads\/sites\/3\/2025\/08\/charlotte-birkow-18.06-1-scaled.jpg 2048w, https:\/\/sculptureby.dk\/en\/wp-content\/uploads\/sites\/3\/2025\/08\/charlotte-birkow-18.06-1-1024x777.jpg 1024w, https:\/\/sculptureby.dk\/en\/wp-content\/uploads\/sites\/3\/2025\/08\/charlotte-birkow-18.06-1-1920x1456.jpg 1920w, https:\/\/sculptureby.dk\/en\/wp-content\/uploads\/sites\/3\/2025\/08\/charlotte-birkow-18.06-1-768x583.jpg 768w, https:\/\/sculptureby.dk\/en\/wp-content\/uploads\/sites\/3\/2025\/08\/charlotte-birkow-18.06-1-1536x1165.jpg 1536w\" sizes=\"(max-width: 2048px) 100vw, 2048px\" \/>\t\t\t\t\t\t\t\t\t\t\t\t\t\t\t<\/div>\n\t\t\t\t<\/div>\n\t\t\t\t<\/div>\n\t\t<div class=\"elementor-element elementor-element-46f2761 e-con-full e-flex e-con e-child\" data-id=\"46f2761\" data-element_type=\"container\">\n\t\t\t\t<div class=\"elementor-element elementor-element-dc0bca0 elementor-widget elementor-widget-heading\" data-id=\"dc0bca0\" data-element_type=\"widget\" data-widget_type=\"heading.default\">\n\t\t\t\t<div class=\"elementor-widget-container\">\n\t\t\t\t\t<h2 class=\"elementor-heading-title elementor-size-default\">Sculpture stories | Sara<\/h2>\t\t\t\t<\/div>\n\t\t\t\t<\/div>\n\t\t\t\t<div class=\"elementor-element elementor-element-231c937 elementor-widget elementor-widget-text-editor\" data-id=\"231c937\" data-element_type=\"widget\" data-widget_type=\"text-editor.default\">\n\t\t\t\t<div class=\"elementor-widget-container\">\n\t\t\t\t\t\t\t\t\t<p>Saras fortu00e6ller u00e5bent om sine operationer og de tanker og oplevelser, der har fulgt med. Hun deler, hvordan forandringerne har pu00e5virket hendes hverdag, bu00e5de fysisk og mentalt, og hvordan hun har fundet ny styrke gennem processen.<\/p>\t\t\t\t\t\t\t\t<\/div>\n\t\t\t\t<\/div>\n\t\t\t\t<div class=\"elementor-element elementor-element-302ab19 elementor-button-bbh-transparent elementor-widget elementor-widget-button\" data-id=\"302ab19\" data-element_type=\"widget\" data-widget_type=\"button.default\">\n\t\t\t\t<div class=\"elementor-widget-container\">\n\t\t\t\t\t\t\t\t\t<div class=\"elementor-button-wrapper\">\n\t\t\t\t\t<a class=\"elementor-button elementor-button-link elementor-size-sm\" href=\"#\">\n\t\t\t\t\t\t<span class=\"elementor-button-content-wrapper\">\n\t\t\t\t\t\t\t\t\t<span class=\"elementor-button-text\">Lu00e6s hele historien her<\/span>\n\t\t\t\t\t<\/span>\n\t\t\t\t\t<\/a>\n\t\t\t\t<\/div>\n\t\t\t\t\t\t\t\t<\/div>\n\t\t\t\t<\/div>\n\t\t\t\t<\/div>\n\t\t\t\t\t<\/div>\n\t\t\t\t<\/div>\n\t\t\t\t<\/div>\n\t\t<div class=\"elementor-element elementor-element-b3f5cd4 e-con-full e-flex e-con e-parent\" data-id=\"b3f5cd4\" data-element_type=\"container\">\n\t\t<div class=\"elementor-element elementor-element-fa2c347 e-grid e-con-boxed e-con e-child\" data-id=\"fa2c347\" data-element_type=\"container\">\n\t\t\t\t\t<div class=\"e-con-inner\">\n\t\t<a class=\"elementor-element elementor-element-3e11f8e e-con-full e-flex e-con e-child\" data-id=\"3e11f8e\" data-element_type=\"container\">\n\t\t\t\t<div class=\"elementor-element elementor-element-f3292c6 elementor-widget elementor-widget-image\" data-id=\"f3292c6\" data-element_type=\"widget\" data-widget_type=\"image.default\">\n\t\t\t\t<div class=\"elementor-widget-container\">\n\t\t\t\t\t\t\t\t\t\t\t\t\t\t\t<img decoding=\"async\" width=\"406\" height=\"450\" src=\"https:\/\/sculptureby.dk\/en\/wp-content\/uploads\/sites\/3\/2025\/07\/Placeholder-Image-6.png\" class=\"attachment-large size-large wp-image-1742\" alt=\"\" \/>\t\t\t\t\t\t\t\t\t\t\t\t\t\t\t<\/div>\n\t\t\t\t<\/div>\n\t\t\t\t<div class=\"elementor-element elementor-element-a4c75b3 elementor-widget elementor-widget-heading\" data-id=\"a4c75b3\" data-element_type=\"widget\" data-widget_type=\"heading.default\">\n\t\t\t\t<div class=\"elementor-widget-container\">\n\t\t\t\t\t<p class=\"elementor-heading-title elementor-size-default\">Behandling | Behandling<\/p>\t\t\t\t<\/div>\n\t\t\t\t<\/div>\n\t\t\t\t<div class=\"elementor-element elementor-element-ce6f380 elementor-widget elementor-widget-heading\" data-id=\"ce6f380\" data-element_type=\"widget\" data-widget_type=\"heading.default\">\n\t\t\t\t<div class=\"elementor-widget-container\">\n\t\t\t\t\t<h4 class=\"elementor-heading-title elementor-size-default\">Brystforstu00f8rrelse med eget fedtvu00e6v <\/h4>\t\t\t\t<\/div>\n\t\t\t\t<\/div>\n\t\t\t\t<div class=\"elementor-element elementor-element-f02944d elementor-widget elementor-widget-heading\" data-id=\"f02944d\" data-element_type=\"widget\" data-widget_type=\"heading.default\">\n\t\t\t\t<div class=\"elementor-widget-container\">\n\t\t\t\t\t<p class=\"elementor-heading-title elementor-size-default\">Lu00e6s ?? historie. En u00e6rlig fortu00e6lling om rejsen fu00f8r, under og efter hendes behandling.<\/p>\t\t\t\t<\/div>\n\t\t\t\t<\/div>\n\t\t\t\t<\/a>\n\t\t<div class=\"elementor-element elementor-element-4f21d8f e-con-full e-flex e-con e-child\" data-id=\"4f21d8f\" data-element_type=\"container\">\n\t\t<div class=\"elementor-element elementor-element-29a473a e-con-full e-flex e-con e-child\" data-id=\"29a473a\" data-element_type=\"container\" data-settings=\"{&quot;background_background&quot;:&quot;classic&quot;}\">\n\t\t\t\t<div class=\"elementor-element elementor-element-d05cc56 elementor-widget elementor-widget-heading\" data-id=\"d05cc56\" data-element_type=\"widget\" data-widget_type=\"heading.default\">\n\t\t\t\t<div class=\"elementor-widget-container\">\n\t\t\t\t\t<h3 class=\"elementor-heading-title elementor-size-default\">u201cHer kan vu00e6re et citat fra en patientu201d<\/h3>\t\t\t\t<\/div>\n\t\t\t\t<\/div>\n\t\t\t\t<\/div>\n\t\t\t\t<\/div>\n\t\t<a class=\"elementor-element elementor-element-7669440 e-con-full e-flex e-con e-child\" data-id=\"7669440\" data-element_type=\"container\">\n\t\t\t\t<div class=\"elementor-element elementor-element-3a3fc24 elementor-widget elementor-widget-image\" data-id=\"3a3fc24\" data-element_type=\"widget\" data-widget_type=\"image.default\">\n\t\t\t\t<div class=\"elementor-widget-container\">\n\t\t\t\t\t\t\t\t\t\t\t\t\t\t\t<img decoding=\"async\" width=\"406\" height=\"450\" src=\"https:\/\/sculptureby.dk\/en\/wp-content\/uploads\/sites\/3\/2025\/07\/Placeholder-Image-7.png\" class=\"attachment-large size-large wp-image-1750\" alt=\"\" \/>\t\t\t\t\t\t\t\t\t\t\t\t\t\t\t<\/div>\n\t\t\t\t<\/div>\n\t\t\t\t<div class=\"elementor-element elementor-element-fc8e70d elementor-widget elementor-widget-heading\" data-id=\"fc8e70d\" data-element_type=\"widget\" data-widget_type=\"heading.default\">\n\t\t\t\t<div class=\"elementor-widget-container\">\n\t\t\t\t\t<p class=\"elementor-heading-title elementor-size-default\">Behandling | Behandling<\/p>\t\t\t\t<\/div>\n\t\t\t\t<\/div>\n\t\t\t\t<div class=\"elementor-element elementor-element-1528b39 elementor-widget elementor-widget-heading\" data-id=\"1528b39\" data-element_type=\"widget\" data-widget_type=\"heading.default\">\n\t\t\t\t<div class=\"elementor-widget-container\">\n\t\t\t\t\t<h4 class=\"elementor-heading-title elementor-size-default\">Sculpture stories | Navn<\/h4>\t\t\t\t<\/div>\n\t\t\t\t<\/div>\n\t\t\t\t<div class=\"elementor-element elementor-element-c1092ac elementor-widget elementor-widget-heading\" data-id=\"c1092ac\" data-element_type=\"widget\" data-widget_type=\"heading.default\">\n\t\t\t\t<div class=\"elementor-widget-container\">\n\t\t\t\t\t<p class=\"elementor-heading-title elementor-size-default\">Lorem ipsum dolor sit amet, consectetur adipiscing elit. Suspendisse varius enim in eros.<\/p>\t\t\t\t<\/div>\n\t\t\t\t<\/div>\n\t\t\t\t<\/a>\n\t\t<div class=\"elementor-element elementor-element-132d194 e-con-full e-flex e-con e-child\" data-id=\"132d194\" data-element_type=\"container\">\n\t\t<div class=\"elementor-element elementor-element-f18d495 e-con-full e-flex e-con e-child\" data-id=\"f18d495\" data-element_type=\"container\" data-settings=\"{&quot;background_background&quot;:&quot;classic&quot;}\">\n\t\t\t\t<div class=\"elementor-element elementor-element-14660be elementor-widget elementor-widget-heading\" data-id=\"14660be\" data-element_type=\"widget\" data-widget_type=\"heading.default\">\n\t\t\t\t<div class=\"elementor-widget-container\">\n\t\t\t\t\t<h3 class=\"elementor-heading-title elementor-size-default\">u201cHer kan vu00e6re et citat fra en patientu201d<\/h3>\t\t\t\t<\/div>\n\t\t\t\t<\/div>\n\t\t\t\t<\/div>\n\t\t\t\t<\/div>\n\t\t<a class=\"elementor-element elementor-element-de22fa1 e-con-full e-flex e-con e-child\" data-id=\"de22fa1\" data-element_type=\"container\">\n\t\t\t\t<div class=\"elementor-element elementor-element-e3a03ce elementor-widget elementor-widget-image\" data-id=\"e3a03ce\" data-element_type=\"widget\" data-widget_type=\"image.default\">\n\t\t\t\t<div class=\"elementor-widget-container\">\n\t\t\t\t\t\t\t\t\t\t\t\t\t\t\t<img loading=\"lazy\" decoding=\"async\" width=\"406\" height=\"450\" src=\"https:\/\/sculptureby.dk\/en\/wp-content\/uploads\/sites\/3\/2025\/07\/Placeholder-Image-8.png\" class=\"attachment-large size-large wp-image-1752\" alt=\"\" \/>\t\t\t\t\t\t\t\t\t\t\t\t\t\t\t<\/div>\n\t\t\t\t<\/div>\n\t\t\t\t<div class=\"elementor-element elementor-element-2407dc3 elementor-widget elementor-widget-heading\" data-id=\"2407dc3\" data-element_type=\"widget\" data-widget_type=\"heading.default\">\n\t\t\t\t<div class=\"elementor-widget-container\">\n\t\t\t\t\t<p class=\"elementor-heading-title elementor-size-default\">Behandling | Behandling<\/p>\t\t\t\t<\/div>\n\t\t\t\t<\/div>\n\t\t\t\t<div class=\"elementor-element elementor-element-824c3e8 elementor-widget elementor-widget-heading\" data-id=\"824c3e8\" data-element_type=\"widget\" data-widget_type=\"heading.default\">\n\t\t\t\t<div class=\"elementor-widget-container\">\n\t\t\t\t\t<h4 class=\"elementor-heading-title elementor-size-default\">Sculpture stories | Navn<\/h4>\t\t\t\t<\/div>\n\t\t\t\t<\/div>\n\t\t\t\t<div class=\"elementor-element elementor-element-fb81e0b elementor-widget elementor-widget-heading\" data-id=\"fb81e0b\" data-element_type=\"widget\" data-widget_type=\"heading.default\">\n\t\t\t\t<div class=\"elementor-widget-container\">\n\t\t\t\t\t<p class=\"elementor-heading-title elementor-size-default\">Lorem ipsum dolor sit amet, consectetur adipiscing elit. Suspendisse varius enim in eros.<\/p>\t\t\t\t<\/div>\n\t\t\t\t<\/div>\n\t\t\t\t<\/a>\n\t\t<a class=\"elementor-element elementor-element-a0abde8 e-con-full e-flex e-con e-child\" data-id=\"a0abde8\" data-element_type=\"container\">\n\t\t\t\t<div class=\"elementor-element elementor-element-8c916aa elementor-widget elementor-widget-image\" data-id=\"8c916aa\" data-element_type=\"widget\" data-widget_type=\"image.default\">\n\t\t\t\t<div class=\"elementor-widget-container\">\n\t\t\t\t\t\t\t\t\t\t\t\t\t\t\t<img loading=\"lazy\" decoding=\"async\" width=\"406\" height=\"450\" src=\"https:\/\/sculptureby.dk\/en\/wp-content\/uploads\/sites\/3\/2025\/07\/Placeholder-Image-9.png\" class=\"attachment-large size-large wp-image-1753\" alt=\"\" \/>\t\t\t\t\t\t\t\t\t\t\t\t\t\t\t<\/div>\n\t\t\t\t<\/div>\n\t\t\t\t<div class=\"elementor-element elementor-element-1346f07 elementor-widget elementor-widget-heading\" data-id=\"1346f07\" data-element_type=\"widget\" data-widget_type=\"heading.default\">\n\t\t\t\t<div class=\"elementor-widget-container\">\n\t\t\t\t\t<p class=\"elementor-heading-title elementor-size-default\">Behandling | Behandling<\/p>\t\t\t\t<\/div>\n\t\t\t\t<\/div>\n\t\t\t\t<div class=\"elementor-element elementor-element-a064ce7 elementor-widget elementor-widget-heading\" data-id=\"a064ce7\" data-element_type=\"widget\" data-widget_type=\"heading.default\">\n\t\t\t\t<div class=\"elementor-widget-container\">\n\t\t\t\t\t<h4 class=\"elementor-heading-title elementor-size-default\">Sculpture stories | Navn<\/h4>\t\t\t\t<\/div>\n\t\t\t\t<\/div>\n\t\t\t\t<div class=\"elementor-element elementor-element-0cec197 elementor-widget elementor-widget-heading\" data-id=\"0cec197\" data-element_type=\"widget\" data-widget_type=\"heading.default\">\n\t\t\t\t<div class=\"elementor-widget-container\">\n\t\t\t\t\t<p class=\"elementor-heading-title elementor-size-default\">Lorem ipsum dolor sit amet, consectetur adipiscing elit. Suspendisse varius enim in eros.<\/p>\t\t\t\t<\/div>\n\t\t\t\t<\/div>\n\t\t\t\t<\/a>\n\t\t\t\t\t<\/div>\n\t\t\t\t<\/div>\n\t\t\t\t<\/div>\n\t\t\t\t<\/div>\n\t\t","protected":false},"excerpt":{"rendered":"<p>Sculpture Stories Her deler vores klienter deres personlige fort\u00e6llinger om deres rejse med plastikkirurgi. Fra de f\u00f8rste overvejelser til livet efter behandlingen. Det er \u00e6rlige historier om forventninger, forl\u00f8b og forandringer b\u00e5de udenp\u00e5 og indeni. Sculpture stories | Sara Saras fort\u00e6ller \u00e5bent om sine operationer og de tanker og oplevelser, der har fulgt med. Hun [&hellip;]<\/p>\n","protected":false},"author":1,"featured_media":0,"parent":0,"menu_order":0,"comment_status":"closed","ping_status":"closed","template":"elementor_header_footer","meta":{"_acf_changed":false,"footnotes":""},"class_list":["post-4448","page","type-page","status-publish","hentry"],"acf":[],"yoast_head":"<!-- This site is optimized with the Yoast SEO plugin v25.8 - https:\/\/yoast.com\/wordpress\/plugins\/seo\/ -->\n<title>Sculpture Stories - EN<\/title>\n<meta name=\"robots\" content=\"noindex, nofollow\" \/>\n<meta property=\"og:locale\" content=\"da_DK\" \/>\n<meta property=\"og:type\" content=\"article\" \/>\n<meta property=\"og:title\" content=\"Sculpture Stories - EN\" \/>\n<meta property=\"og:description\" content=\"Sculpture Stories Her deler vores klienter deres personlige fort\u00e6llinger om deres rejse med plastikkirurgi. Fra de f\u00f8rste overvejelser til livet efter behandlingen. Det er \u00e6rlige historier om forventninger, forl\u00f8b og forandringer b\u00e5de udenp\u00e5 og indeni. Sculpture stories | Sara Saras fort\u00e6ller \u00e5bent om sine operationer og de tanker og oplevelser, der har fulgt med. Hun [&hellip;]\" \/>\n<meta property=\"og:url\" content=\"https:\/\/sculptureby.dk\/en\/sculpture-stories\/\" \/>\n<meta property=\"og:site_name\" content=\"EN\" \/>\n<meta property=\"article:modified_time\" content=\"2025-10-20T13:31:53+00:00\" \/>\n<meta property=\"og:image\" content=\"https:\/\/sculptureby.dk\/wp-content\/uploads\/2025\/08\/charlotte-birkow-18.06-1-scaled.jpg\" \/>\n<meta name=\"twitter:card\" content=\"summary_large_image\" \/>\n<meta name=\"twitter:label1\" content=\"Estimeret l\u00e6setid\" \/>\n\t<meta name=\"twitter:data1\" content=\"2 minutter\" \/>\n<script type=\"application\/ld+json\" class=\"yoast-schema-graph\">{\"@context\":\"https:\/\/schema.org\",\"@graph\":[{\"@type\":\"WebPage\",\"@id\":\"https:\/\/sculptureby.dk\/en\/sculpture-stories\/\",\"url\":\"https:\/\/sculptureby.dk\/en\/sculpture-stories\/\",\"name\":\"Sculpture Stories - EN\",\"isPartOf\":{\"@id\":\"https:\/\/sculptureby.dk\/en\/#website\"},\"primaryImageOfPage\":{\"@id\":\"https:\/\/sculptureby.dk\/en\/sculpture-stories\/#primaryimage\"},\"image\":{\"@id\":\"https:\/\/sculptureby.dk\/en\/sculpture-stories\/#primaryimage\"},\"thumbnailUrl\":\"https:\/\/sculptureby.dk\/wp-content\/uploads\/2025\/08\/charlotte-birkow-18.06-1-scaled.jpg\",\"datePublished\":\"2025-09-04T07:34:06+00:00\",\"dateModified\":\"2025-10-20T13:31:53+00:00\",\"breadcrumb\":{\"@id\":\"https:\/\/sculptureby.dk\/en\/sculpture-stories\/#breadcrumb\"},\"inLanguage\":\"da-DK\",\"potentialAction\":[{\"@type\":\"ReadAction\",\"target\":[\"https:\/\/sculptureby.dk\/en\/sculpture-stories\/\"]}]},{\"@type\":\"ImageObject\",\"inLanguage\":\"da-DK\",\"@id\":\"https:\/\/sculptureby.dk\/en\/sculpture-stories\/#primaryimage\",\"url\":\"https:\/\/sculptureby.dk\/wp-content\/uploads\/2025\/08\/charlotte-birkow-18.06-1-scaled.jpg\",\"contentUrl\":\"https:\/\/sculptureby.dk\/wp-content\/uploads\/2025\/08\/charlotte-birkow-18.06-1-scaled.jpg\"},{\"@type\":\"BreadcrumbList\",\"@id\":\"https:\/\/sculptureby.dk\/en\/sculpture-stories\/#breadcrumb\",\"itemListElement\":[{\"@type\":\"ListItem\",\"position\":1,\"name\":\"Hjem\",\"item\":\"https:\/\/sculptureby.dk\/en\/\"},{\"@type\":\"ListItem\",\"position\":2,\"name\":\"Sculpture Stories\"}]},{\"@type\":\"WebSite\",\"@id\":\"https:\/\/sculptureby.dk\/en\/#website\",\"url\":\"https:\/\/sculptureby.dk\/en\/\",\"name\":\"EN\",\"description\":\"\",\"publisher\":{\"@id\":\"https:\/\/sculptureby.dk\/en\/#organization\"},\"potentialAction\":[{\"@type\":\"SearchAction\",\"target\":{\"@type\":\"EntryPoint\",\"urlTemplate\":\"https:\/\/sculptureby.dk\/en\/?s={search_term_string}\"},\"query-input\":{\"@type\":\"PropertyValueSpecification\",\"valueRequired\":true,\"valueName\":\"search_term_string\"}}],\"inLanguage\":\"da-DK\"},{\"@type\":\"Organization\",\"@id\":\"https:\/\/sculptureby.dk\/en\/#organization\",\"name\":\"EN\",\"url\":\"https:\/\/sculptureby.dk\/en\/\",\"logo\":{\"@type\":\"ImageObject\",\"inLanguage\":\"da-DK\",\"@id\":\"https:\/\/sculptureby.dk\/en\/#\/schema\/logo\/image\/\",\"url\":\"https:\/\/sculptureby.dk\/en\/wp-content\/uploads\/sites\/3\/2024\/02\/Logo.png\",\"contentUrl\":\"https:\/\/sculptureby.dk\/en\/wp-content\/uploads\/sites\/3\/2024\/02\/Logo.png\",\"width\":278,\"height\":100,\"caption\":\"EN\"},\"image\":{\"@id\":\"https:\/\/sculptureby.dk\/en\/#\/schema\/logo\/image\/\"}}]}<\/script>\n<!-- \/ Yoast SEO plugin. -->","yoast_head_json":{"title":"Sculpture Stories - EN","robots":{"index":"noindex","follow":"nofollow"},"og_locale":"da_DK","og_type":"article","og_title":"Sculpture Stories - EN","og_description":"Sculpture Stories Her deler vores klienter deres personlige fort\u00e6llinger om deres rejse med plastikkirurgi. Fra de f\u00f8rste overvejelser til livet efter behandlingen. Det er \u00e6rlige historier om forventninger, forl\u00f8b og forandringer b\u00e5de udenp\u00e5 og indeni. Sculpture stories | Sara Saras fort\u00e6ller \u00e5bent om sine operationer og de tanker og oplevelser, der har fulgt med. Hun [&hellip;]","og_url":"https:\/\/sculptureby.dk\/en\/sculpture-stories\/","og_site_name":"EN","article_modified_time":"2025-10-20T13:31:53+00:00","og_image":[{"url":"https:\/\/sculptureby.dk\/wp-content\/uploads\/2025\/08\/charlotte-birkow-18.06-1-scaled.jpg","type":"","width":"","height":""}],"twitter_card":"summary_large_image","twitter_misc":{"Estimeret l\u00e6setid":"2 minutter"},"schema":{"@context":"https:\/\/schema.org","@graph":[{"@type":"WebPage","@id":"https:\/\/sculptureby.dk\/en\/sculpture-stories\/","url":"https:\/\/sculptureby.dk\/en\/sculpture-stories\/","name":"Sculpture Stories - EN","isPartOf":{"@id":"https:\/\/sculptureby.dk\/en\/#website"},"primaryImageOfPage":{"@id":"https:\/\/sculptureby.dk\/en\/sculpture-stories\/#primaryimage"},"image":{"@id":"https:\/\/sculptureby.dk\/en\/sculpture-stories\/#primaryimage"},"thumbnailUrl":"https:\/\/sculptureby.dk\/wp-content\/uploads\/2025\/08\/charlotte-birkow-18.06-1-scaled.jpg","datePublished":"2025-09-04T07:34:06+00:00","dateModified":"2025-10-20T13:31:53+00:00","breadcrumb":{"@id":"https:\/\/sculptureby.dk\/en\/sculpture-stories\/#breadcrumb"},"inLanguage":"da-DK","potentialAction":[{"@type":"ReadAction","target":["https:\/\/sculptureby.dk\/en\/sculpture-stories\/"]}]},{"@type":"ImageObject","inLanguage":"da-DK","@id":"https:\/\/sculptureby.dk\/en\/sculpture-stories\/#primaryimage","url":"https:\/\/sculptureby.dk\/wp-content\/uploads\/2025\/08\/charlotte-birkow-18.06-1-scaled.jpg","contentUrl":"https:\/\/sculptureby.dk\/wp-content\/uploads\/2025\/08\/charlotte-birkow-18.06-1-scaled.jpg"},{"@type":"BreadcrumbList","@id":"https:\/\/sculptureby.dk\/en\/sculpture-stories\/#breadcrumb","itemListElement":[{"@type":"ListItem","position":1,"name":"Hjem","item":"https:\/\/sculptureby.dk\/en\/"},{"@type":"ListItem","position":2,"name":"Sculpture Stories"}]},{"@type":"WebSite","@id":"https:\/\/sculptureby.dk\/en\/#website","url":"https:\/\/sculptureby.dk\/en\/","name":"EN","description":"","publisher":{"@id":"https:\/\/sculptureby.dk\/en\/#organization"},"potentialAction":[{"@type":"SearchAction","target":{"@type":"EntryPoint","urlTemplate":"https:\/\/sculptureby.dk\/en\/?s={search_term_string}"},"query-input":{"@type":"PropertyValueSpecification","valueRequired":true,"valueName":"search_term_string"}}],"inLanguage":"da-DK"},{"@type":"Organization","@id":"https:\/\/sculptureby.dk\/en\/#organization","name":"EN","url":"https:\/\/sculptureby.dk\/en\/","logo":{"@type":"ImageObject","inLanguage":"da-DK","@id":"https:\/\/sculptureby.dk\/en\/#\/schema\/logo\/image\/","url":"https:\/\/sculptureby.dk\/en\/wp-content\/uploads\/sites\/3\/2024\/02\/Logo.png","contentUrl":"https:\/\/sculptureby.dk\/en\/wp-content\/uploads\/sites\/3\/2024\/02\/Logo.png","width":278,"height":100,"caption":"EN"},"image":{"@id":"https:\/\/sculptureby.dk\/en\/#\/schema\/logo\/image\/"}}]}},"_links":{"self":[{"href":"https:\/\/sculptureby.dk\/en\/wp-json\/wp\/v2\/pages\/4448","targetHints":{"allow":["GET"]}}],"collection":[{"href":"https:\/\/sculptureby.dk\/en\/wp-json\/wp\/v2\/pages"}],"about":[{"href":"https:\/\/sculptureby.dk\/en\/wp-json\/wp\/v2\/types\/page"}],"author":[{"embeddable":true,"href":"https:\/\/sculptureby.dk\/en\/wp-json\/wp\/v2\/users\/1"}],"replies":[{"embeddable":true,"href":"https:\/\/sculptureby.dk\/en\/wp-json\/wp\/v2\/comments?post=4448"}],"version-history":[{"count":1,"href":"https:\/\/sculptureby.dk\/en\/wp-json\/wp\/v2\/pages\/4448\/revisions"}],"predecessor-version":[{"id":4452,"href":"https:\/\/sculptureby.dk\/en\/wp-json\/wp\/v2\/pages\/4448\/revisions\/4452"}],"wp:attachment":[{"href":"https:\/\/sculptureby.dk\/en\/wp-json\/wp\/v2\/media?parent=4448"}],"curies":[{"name":"wp","href":"https:\/\/api.w.org\/{rel}","templated":true}]}}